{"id":5542,"date":"2025-01-11T20:07:22","date_gmt":"2025-01-11T20:07:22","guid":{"rendered":"http:\/\/flamencohotels.net\/quseir\/?page_id=5542"},"modified":"2025-01-11T20:26:40","modified_gmt":"2025-01-11T20:26:40","slug":"diving-2","status":"publish","type":"page","link":"https:\/\/flamencohotels.com\/quseir\/?page_id=5542","title":{"rendered":"Diving"},"content":{"rendered":"<p>[vc_row css=&#8221;.vc_custom_1736627030367{background-image: url(http:\/\/flamencohotels.net\/quseir\/wp-content\/uploads\/2025\/01\/eng.png?id=5551) !important;background-position: 0 0 !important;background-repeat: no-repeat !important;}&#8221;][vc_column][vc_separator][vc_column_text]<\/p>\n<div class=\"wp-block-group is-nowrap is-layout-flex wp-container-core-group-is-layout-1 wp-block-group-is-layout-flex\">\n<p>The Flamenco beach and resort has its own Diving Centre, THE DIVERS UNIVERSE \u2013 DIVEVERSE , SSI Instructor Training Centre.<\/p>\n<\/div>\n<p>International and multilingual teams, high levels of safety standards, attention to detail and services tailored to individual needs make this centre an excellence on the South Red Sea coast.<\/p>\n<p>Half-day excursions are organised every day on local (beach) outings with return for lunch, and\/or diving in the resort\u2019s exciting Housereef and the hotel\u2019s private beach in the immediate surroundings. But also popular places along the coast are offered such as dives to Elphinstone, the Salem wreck or boat days from the beautiful Mangroovy bay.<\/p>\n<p>The presence of an instructor trainer on site guarantees a high standard of education for courses from beginners to professionals.<\/p>\n<p>Diving equipment is always up-to-date and serviced, and the centre staff will leave nothing to chance and take care of every single aspect of your holiday.<\/p>\n<p>Last but not least, the centre applies and upholds environmental codes of conduct respecting the environment and marine creatures as well as the Blue Ocean programme.<\/p>\n<p>Official partner of Turtle Watch Egypt for sea turtle monitoring and environmental education.<\/p>\n<p>For more information:\u00a0\u00a0<a href=\"https:\/\/thediveverse.com\/our-centre\/\">https:\/\/thediveverse.com\/our-centre\/<\/a><\/p>\n<p>Mail for reservations or enquiries:\u00a0<a href=\"mailto:info@thediveverse.com\">info@thediveverse.com<\/a>[\/vc_column_text][\/vc_column][\/vc_row][vc_row css=&#8221;.vc_custom_1736626946014{background-image: url(http:\/\/flamencohotels.net\/quseir\/wp-content\/uploads\/2025\/01\/t_500x300.jpeg?id=5548) !important;background-position: 0 0 !important;background-repeat: no-repeat !important;}&#8221;][vc_column][vc_separator][vc_column_text][\/vc_column_text][vc_column_text]<\/p>\n<div class=\"wp-block-group is-nowrap is-layout-flex wp-container-core-group-is-layout-2 wp-block-group-is-layout-flex\">\n<p>&nbsp;<\/p>\n<p>Il Flamenco beach and resort dispone di un proprio Diving Centre, THE DIVERS UNIVERSE, SSI Instructor Training Centre.<\/p>\n<\/div>\n<p>Team Internazionali e multilingue, alti livelli di standard di sicurezza, cura del dettaglio e servizi a misura delle necessita\u2019 individuali fanno di questo centro una eccellenza lungo la costa Sud del Mar Rosso.<\/p>\n<p>Ogni Giorno vengono organizzate escursioni di mezza giornata in uscita locale (da spiaggia) con rientro per il pranzo, e\/o immersioni nell\u2019emozionante Housereef del resort e nella spiaggia private dell\u2019Hotel nelle immediate vicinanze. Ma anche posti molto famosi lungo la costa vengono offerti come le immersion a Elphinstone, al relittodel Salem o le giornate in barca partendo dalla Bellissima Mangroovy bay.<\/p>\n<p>La presenza di un instructor Trainer in loco garantisce alto standard di educazione per I corsi da principianti a professionisti.<\/p>\n<p>Attrezzatura diving sempre aggiornata e revisionata, lo staff del centro non lascera\u2019 nulla al caso e si occupera\u2019 di ogni singolo aspetto della Vostra vacanza.<\/p>\n<p>Non per ultimo, il centro applica rispetta e sostiene I codici di Condotta ambientali di rispetto per l\u2019ambiente e le creature marine nonche\u2019 il Blue Ocean program.<\/p>\n<p>Partner ufficiale di Turtle Watch Egypt per il monitoraggio delle tartarughe marine e per l\u2019educazione ambientale.<\/p>\n<p>Per avere maggiori informazioni\u00a0<a href=\"https:\/\/thediveverse.com\/our-centre\/\">https:\/\/thediveverse.com\/our-centre\/<\/a><\/p>\n<p>Mail per prenotazioni o richieste:\u00a0<a href=\"mailto:info@thediveverse.com\">info@thediveverse.com<\/a>[\/vc_column_text][\/vc_column][\/vc_row][vc_row css=&#8221;.vc_custom_1736626919317{background-image: url(http:\/\/flamencohotels.net\/quseir\/wp-content\/uploads\/2025\/01\/fra.jpeg?id=5550) !important;background-position: 0 0 !important;background-repeat: no-repeat !important;}&#8221;][vc_column][vc_separator][vc_column_text]<\/p>\n<div class=\"wp-block-group is-nowrap is-layout-flex wp-container-core-group-is-layout-3 wp-block-group-is-layout-flex\">\n<p>Le Flamenco beach and resort dispose de son propre centre de plong\u00e9e, THE DIVERS UNIVERSE \u2013 DIVEVERSE , centre de formation d\u2019instructeurs SSI.<\/p>\n<\/div>\n<p>Des \u00e9quipes internationales et multilingues, des normes de s\u00e9curit\u00e9 \u00e9lev\u00e9es, une attention particuli\u00e8re aux d\u00e9tails et des services adapt\u00e9s aux besoins individuels font de ce centre une excellence sur la c\u00f4te sud de la mer Rouge.<\/p>\n<p>Des excursions d\u2019une demi-journ\u00e9e sont organis\u00e9es tous les jours sur la plage, avec retour pour le d\u00e9jeuner, et\/ou des plong\u00e9es dans l\u2019excitant Housereef du centre et sur la plage priv\u00e9e de l\u2019h\u00f4tel dans les environs imm\u00e9diats. Des plong\u00e9es \u00e0 Elphinstone, sur l\u2019\u00e9pave de Salem ou des sorties en bateau depuis la magnifique baie de Mangroovy sont \u00e9galement propos\u00e9es dans des endroits populaires le long de la c\u00f4te.<\/p>\n<p>La pr\u00e9sence d\u2019un instructeur sur place garantit un niveau de formation \u00e9lev\u00e9 pour les cours destin\u00e9s aux d\u00e9butants comme aux professionnels.<\/p>\n<p>L\u2019\u00e9quipement de plong\u00e9e est toujours \u00e0 jour et entretenu, et le personnel du centre ne laissera rien au hasard et s\u2019occupera de tous les aspects de vos vacances.<\/p>\n<p>Enfin, le centre applique et respecte des codes de conduite \u00e9cologiques en mati\u00e8re de respect de l\u2019environnement et des cr\u00e9atures marines, ainsi que le programme Blue Ocean.<\/p>\n<p>Partenaire officiel de Turtle Watch Egypt pour la surveillance des tortues de mer et l\u2019\u00e9ducation \u00e0 l\u2019environnement.<\/p>\n<p>Pour plus d\u2019informations :\u00a0<a href=\"https:\/\/thediveverse.com\/our-centre\/\">https:\/\/thediveverse.com\/our-centre\/<\/a><\/p>\n<p>Adresse pour les r\u00e9servations ou les demandes de renseignements :\u00a0<a href=\"mailto:info@thediveverse.com\">info@thediveverse.com<\/a>[\/vc_column_text][\/vc_column][\/vc_row][vc_row css=&#8221;.vc_custom_1736626681762{background-image: url(http:\/\/flamencohotels.net\/quseir\/wp-content\/uploads\/2025\/01\/germany.jpg?id=5549) !important;background-position: 0 0 !important;background-repeat: no-repeat !important;}&#8221;][vc_column][vc_separator][vc_column_text]<\/p>\n<div class=\"wp-block-group is-nowrap is-layout-flex wp-container-core-group-is-layout-4 wp-block-group-is-layout-flex\">\n<p>Das Flamenco Beach &amp; Resort verf\u00fcgt \u00fcber ein eigenes Tauchzentrum, THE DIVERS UNIVERSE \u2013 DIVEVERSE, SSI Instructor Training Centre.<\/p>\n<\/div>\n<p>Internationales und mehrsprachiges Team, hohe Sicherheitsstandards, Liebe zum Detail und auf individuelle Bed\u00fcrfnisse zugeschnittene Dienstleistungen machen dieses Zentrum zu einer Exzellenz an der S\u00fcdk\u00fcste des Roten Meeres.<\/p>\n<p>Jeden Tag werden Halbtagesausfl\u00fcge zu lokalen (Strand-)Ausfl\u00fcgen mit R\u00fcckkehr zum Mittagessen und\/oder Tauchen am aufregenden Hausriff des Resorts und am privaten Strand des Hotels in der unmittelbaren Umgebung organisiert. Aber auch beliebte Orte entlang der K\u00fcste werden angeboten, wie Tauchg\u00e4nge zu Elphinstone, dem Salem-Wrack oder Bootstouren von der wundersch\u00f6nen Mangroovy-Bucht aus.<\/p>\n<p>Die Anwesenheit eines Tauchlehrers vor Ort garantiert einen hohen Ausbildungsstandard f\u00fcr Kurse vom Anf\u00e4nger bis zum Profi.<\/p>\n<p>Die Tauchausr\u00fcstung ist immer auf dem neuesten Stand und wird gewartet, und das Personal des Zentrums \u00fcberl\u00e4sst nichts dem Zufall und k\u00fcmmert sich um jeden einzelnen Aspekt Ihres Urlaubs.<\/p>\n<p>Nicht zuletzt wendet das Zentrum Umweltkodizes an und h\u00e4lt diese ein, die die Umwelt und die Meereslebewesen respektieren, sowie das Blue Ocean-Programm.<\/p>\n<p>Wir sind Offizieller Partner von Turtle Watch Egypt f\u00fcr die \u00dcberwachung von Meeresschildkr\u00f6ten und Umweltbildung.<\/p>\n<p>Weitere Informationen:\u00a0<a href=\"https:\/\/thediveverse.com\/our-centre\/\">https:\/\/thediveverse.com\/our-centre\/<\/a><\/p>\n<p>E-Mail f\u00fcr Reservierungen oder Anfragen:\u00a0<a href=\"mailto:info@thediveverse.com\">info@thediveverse.com<\/a>[\/vc_column_text][\/vc_column][\/vc_row]<\/p>\n","protected":false},"excerpt":{"rendered":"<p>[vc_row css=&#8221;.vc_custom_1736627030367{background-image: url(http:\/\/flamencohotels.net\/quseir\/wp-content\/uploads\/2025\/01\/eng.png?id=5551) !important;background-position: 0 0 !important;background-repeat: no-repeat !important;}&#8221;][vc_column][vc_separator][vc_column_text] The Flamenco beach and resort has its own Diving Centre, THE DIVERS UNIVERSE \u2013 DIVEVERSE , SSI Instructor Training Centre. International and multilingual teams, high levels of safety standards, attention to detail and services tailored to individual needs make this centre an excellence on the South&#8230; <\/p>\n<div class=\"clear\"><\/div>\n<p><a href=\"https:\/\/flamencohotels.com\/quseir\/?page_id=5542\" class=\"excerpt-read-more\">Continue Reading<i class=\"fa fa-long-arrow-right icon-long-arrow-right\"><\/i><\/a><\/p>\n","protected":false},"author":2,"featured_media":0,"parent":0,"menu_order":0,"comment_status":"closed","ping_status":"closed","template":"","meta":{"footnotes":""},"class_list":["post-5542","page","type-page","status-publish","hentry"],"_links":{"self":[{"href":"https:\/\/flamencohotels.com\/quseir\/index.php?rest_route=\/wp\/v2\/pages\/5542","targetHints":{"allow":["GET"]}}],"collection":[{"href":"https:\/\/flamencohotels.com\/quseir\/index.php?rest_route=\/wp\/v2\/pages"}],"about":[{"href":"https:\/\/flamencohotels.com\/quseir\/index.php?rest_route=\/wp\/v2\/types\/page"}],"author":[{"embeddable":true,"href":"https:\/\/flamencohotels.com\/quseir\/index.php?rest_route=\/wp\/v2\/users\/2"}],"replies":[{"embeddable":true,"href":"https:\/\/flamencohotels.com\/quseir\/index.php?rest_route=%2Fwp%2Fv2%2Fcomments&post=5542"}],"version-history":[{"count":13,"href":"https:\/\/flamencohotels.com\/quseir\/index.php?rest_route=\/wp\/v2\/pages\/5542\/revisions"}],"predecessor-version":[{"id":5560,"href":"https:\/\/flamencohotels.com\/quseir\/index.php?rest_route=\/wp\/v2\/pages\/5542\/revisions\/5560"}],"wp:attachment":[{"href":"https:\/\/flamencohotels.com\/quseir\/index.php?rest_route=%2Fwp%2Fv2%2Fmedia&parent=5542"}],"curies":[{"name":"wp","href":"https:\/\/api.w.org\/{rel}","templated":true}]}}